{"id":853,"date":"2022-11-15T12:24:01","date_gmt":"2022-11-15T11:24:01","guid":{"rendered":"https:\/\/spanishinstitute.info\/contact\/"},"modified":"2024-02-06T16:55:47","modified_gmt":"2024-02-06T15:55:47","slug":"contact","status":"publish","type":"page","link":"https:\/\/spanishinstitute.info\/en\/contact\/","title":{"rendered":"Contact"},"content":{"rendered":"<p>[et_pb_section fb_built=&#8221;1&#8243; _builder_version=&#8221;4.19.1&#8243; _module_preset=&#8221;default&#8221; background_color=&#8221;#70D6E3&#8243; background_image=&#8221;https:\/\/spanishinstitute.info\/wp-content\/uploads\/2022\/11\/iconos_spanishcenter-12-2.png&#8221; parallax=&#8221;on&#8221; parallax_method=&#8221;off&#8221; custom_padding=&#8221;29px||10px|||&#8221; global_module=&#8221;253&#8243; saved_tabs=&#8221;all&#8221; global_colors_info=&#8221;{}&#8221;][et_pb_row _builder_version=&#8221;4.19.1&#8243; _module_preset=&#8221;default&#8221; global_colors_info=&#8221;{}&#8221;][et_pb_column type=&#8221;4_4&#8243; _builder_version=&#8221;4.19.1&#8243; _module_preset=&#8221;default&#8221; global_colors_info=&#8221;{}&#8221;][et_pb_text _builder_version=&#8221;4.19.5&#8243; _dynamic_attributes=&#8221;content&#8221; _module_preset=&#8221;default&#8221; header_font=&#8221;|700||on|||||&#8221; header_text_color=&#8221;#0C1B78&#8243; header_line_height=&#8221;1.2em&#8221; custom_margin=&#8221;||3px|||&#8221; header_font_size_tablet=&#8221;28px&#8221; header_font_size_phone=&#8221;26px&#8221; header_font_size_last_edited=&#8221;on|phone&#8221; global_colors_info=&#8221;{}&#8221;]@ET-DC@eyJkeW5hbWljIjp0cnVlLCJjb250ZW50IjoicG9zdF90aXRsZSIsInNldHRpbmdzIjp7ImJlZm9yZSI6IjxoMT4iLCJhZnRlciI6IjwvaDE+IiwiZW5hYmxlX2h0bWwiOiJvZmYifX0=@[\/et_pb_text][et_pb_text disabled_on=&#8221;on|off|off&#8221; module_id=&#8221;breadcrumbtext&#8221; _builder_version=&#8221;4.22.2&#8243; _module_preset=&#8221;default&#8221; custom_margin=&#8221;0px||||false|false&#8221; custom_padding=&#8221;0px||||false|false&#8221; global_colors_info=&#8221;{}&#8221;]<\/p>\n<div class=\"breadcrumb\"><ul class=\"dsm_breadcrumbs\" id=\"migadepan\">\n\t<li class=\"dsm_breadcrumbs_item\">\n\t\t\t\t\t\t<a class=\"dsm_breadcrumbs_crumb dsm_breadcrumbs_crumb_link\" href=\"https:\/\/spanishinstitute.info\/en\/\" itemprop=\"url\" rel=\"nofollow\">\n\t\t\t\t\t\t\tInicio\n\t\t\t\t\t\t<\/a>\n\t\t\t\t\t<\/li><li class=\"dsm_breadcrumbs_separator\"> \n\t\t\t\t\t<span class=\"et-pb-icon dsm_separator_icon\">5<\/span>\n\t\t\t\t<\/li><li class=\"dsm_breadcrumbs_item\">Contact<\/li><\/ul><style>\n\t\t\t\t\tdiv#contenedor-breadcrumb p {\n\t\t\t\t\t\tdisplay: none;\n\t\t\t\t\t}\n\n\t\t\t\t\tul.dsm_breadcrumbs {\n\t\t\t\t\t\tpadding: 0;\n\t\t\t\t\t}\n\n\t\t\t\t\tspan.et-pb-icon.dsm_separator_icon {\n\t\t\t\t\t\tfont-size: 18px!important;\n\t\t\t\t\t\tfont-weight: 500!important;\n\t\t\t\t\t\tvertical-align: text-top;\n\t\t\t\t\t\tcolor: #FB5E52;\n\t\t\t\t\t}\n\n\t\t\t\t\tli.dsm_breadcrumbs_item {\n\t\t\t\t\t\tlist-style-type: none;\n\t\t\t\t\t\tdisplay: inline-block;\n\t\t\t\t\t\tcolor: #0c1b78;\n\t\t\t\t\t}\n\n\t\t\t\t\t#migadepan li.dsm_breadcrumbs_separator {\n\t\t\t\t\t\tlist-style-type: none;\n\t\t\t\t\t\tdisplay: inline-block!important;\n\t\t\t\t\t\tmargin: 0 3px 0 8px;\n\t\t\t\t\t}\n\t\t\t\t\t\n\t\t\t\t\t#breadcrumbtext p {\n\t\t\t\t\t\tdisplay: none;\n\t\t\t\t\t}\n\t\t\t\t<\/style><\/div>\n<p>[\/et_pb_text][\/et_pb_column][\/et_pb_row][\/et_pb_section][et_pb_section fb_built=&#8221;1&#8243; _builder_version=&#8221;4.19.1&#8243; _module_preset=&#8221;default&#8221; global_colors_info=&#8221;{}&#8221;][et_pb_row column_structure=&#8221;1_2,1_2&#8243; _builder_version=&#8221;4.19.1&#8243; _module_preset=&#8221;default&#8221; global_colors_info=&#8221;{}&#8221;][et_pb_column type=&#8221;1_2&#8243; _builder_version=&#8221;4.19.1&#8243; _module_preset=&#8221;default&#8221; global_colors_info=&#8221;{}&#8221;][et_pb_text _builder_version=&#8221;4.19.1&#8243; _module_preset=&#8221;default&#8221; header_2_font=&#8221;Kalam|700|||||||&#8221; header_2_text_color=&#8221;#0C1B78&#8243; header_2_font_size=&#8221;36px&#8221; header_2_line_height=&#8221;1.3em&#8221; custom_margin=&#8221;||14px|||&#8221; header_2_font_size_tablet=&#8221;34px&#8221; header_2_font_size_phone=&#8221;28px&#8221; header_2_font_size_last_edited=&#8221;on|phone&#8221; locked=&#8221;off&#8221; global_colors_info=&#8221;{}&#8221;]<\/p>\n<h2>Contact us<\/h2>\n<p>[\/et_pb_text][et_pb_text _builder_version=&#8221;4.19.1&#8243; _module_preset=&#8221;default&#8221; global_colors_info=&#8221;{}&#8221;]<\/p>\n<p>If you have any questions or we can help you with something, contact us through the following means or using our contact form.<\/p>\n<p>[\/et_pb_text][et_pb_blurb title=&#8221;\u00e1gil Spanish Institute &#8211; \u00e1gil Centros&#8221; use_icon=&#8221;on&#8221; font_icon=&#8221;&#xf3c5;||fa||900&#8243; icon_color=&#8221;#70D6E3&#8243; icon_placement=&#8221;left&#8221; image_icon_width=&#8221;27px&#8221; content_max_width=&#8221;1100px&#8221; _builder_version=&#8221;4.19.5&#8243; _module_preset=&#8221;default&#8221; header_font=&#8221;|700|||||||&#8221; header_line_height=&#8221;1.2em&#8221; body_link_text_color=&#8221;#0C1B78&#8243; body_link_line_height=&#8221;1.2em&#8221; custom_margin=&#8221;||12px|||&#8221; global_colors_info=&#8221;{}&#8221;]<\/p>\n<p><span>Avda. P\u00e9rez Gald\u00f3s, 7-9 12002 Castell\u00f3n (Spain)<\/span><\/p>\n<p>[\/et_pb_blurb][et_pb_blurb use_icon=&#8221;on&#8221; font_icon=&#8221;&#xe090;||divi||400&#8243; icon_color=&#8221;#70D6E3&#8243; icon_placement=&#8221;left&#8221; image_icon_width=&#8221;27px&#8221; content_max_width=&#8221;1100px&#8221; _builder_version=&#8221;4.19.1&#8243; _module_preset=&#8221;default&#8221; body_font_size=&#8221;18px&#8221; body_link_text_color=&#8221;#0C1B78&#8243; body_link_line_height=&#8221;1.2em&#8221; custom_margin=&#8221;||14px|||&#8221; global_colors_info=&#8221;{}&#8221;]<\/p>\n<p><span><a href=\"tel:+34964342290\">+34 964 342 290<\/a><\/span><\/p>\n<p>[\/et_pb_blurb][et_pb_blurb use_icon=&#8221;on&#8221; font_icon=&#8221;&#xf0e0;||fa||900&#8243; icon_color=&#8221;#70D6E3&#8243; icon_placement=&#8221;left&#8221; image_icon_width=&#8221;27px&#8221; content_max_width=&#8221;1100px&#8221; _builder_version=&#8221;4.19.1&#8243; _module_preset=&#8221;default&#8221; body_font_size=&#8221;18px&#8221; body_link_text_color=&#8221;#0C1B78&#8243; body_link_line_height=&#8221;1.2em&#8221; global_colors_info=&#8221;{}&#8221;]<\/p>\n<p><a href=\"mailto:spanish@agilcentros.es\">spanish@agilcentros.es<\/a><\/p>\n<p>[\/et_pb_blurb][\/et_pb_column][et_pb_column type=&#8221;1_2&#8243; _builder_version=&#8221;4.19.1&#8243; _module_preset=&#8221;default&#8221; global_colors_info=&#8221;{}&#8221;][dsm_contact_form_7 cf7_library=&#8221;411&#8243; input_background_color=&#8221;#F7F7F7&#8243; disabled_on=&#8221;off|off|off&#8221; _builder_version=&#8221;4.23.1&#8243; _module_preset=&#8221;default&#8221; placeholder_text_color=&#8221;#000000&#8243; custom_button_one=&#8221;on&#8221; button_one_text_size=&#8221;16px&#8221; button_one_text_color=&#8221;#FFFFFF&#8221; button_one_bg_color=&#8221;#0C1B78&#8243; button_one_border_width=&#8221;0px&#8221; button_one_border_radius=&#8221;36px&#8221; custom_margin=&#8221;||10px|||&#8221; global_colors_info=&#8221;{}&#8221; button_one_bg_color__hover_enabled=&#8221;on|desktop&#8221; button_one_bg_color__hover=&#8221;#FFB645&#8243; button_one_bg_enable_color__hover=&#8221;on&#8221;][\/dsm_contact_form_7][et_pb_text _builder_version=&#8221;4.23.1&#8243; _module_preset=&#8221;default&#8221; hover_enabled=&#8221;0&#8243; global_colors_info=&#8221;{}&#8221; sticky_enabled=&#8221;0&#8243; disabled_on=&#8221;on|on|on&#8221; disabled=&#8221;on&#8221;]<\/p>\n\n<div class=\"wpcf7 no-js\" id=\"wpcf7-f852-o1\" lang=\"en-US\" dir=\"ltr\">\n<div class=\"screen-reader-response\"><p role=\"status\" aria-live=\"polite\" aria-atomic=\"true\"><\/p> <ul><\/ul><\/div>\n<form action=\"\/en\/wp-json\/wp\/v2\/pages\/853#wpcf7-f852-o1\" method=\"post\" class=\"wpcf7-form init wpcf7-acceptance-as-validation\" aria-label=\"Contact form\" novalidate=\"novalidate\" data-status=\"init\">\n<div style=\"display: none;\">\n<input type=\"hidden\" name=\"_wpcf7\" value=\"852\" \/>\n<input type=\"hidden\" name=\"_wpcf7_version\" value=\"5.9.8\" \/>\n<input type=\"hidden\" name=\"_wpcf7_locale\" value=\"en_US\" \/>\n<input type=\"hidden\" name=\"_wpcf7_unit_tag\" value=\"wpcf7-f852-o1\" \/>\n<input type=\"hidden\" name=\"_wpcf7_container_post\" value=\"0\" \/>\n<input type=\"hidden\" name=\"_wpcf7_posted_data_hash\" value=\"\" \/>\n<input type=\"hidden\" name=\"_wpcf7_recaptcha_response\" value=\"\" \/>\n<\/div>\n<div class=\"one-half\">\n\t<p><label> <span class=\"wpcf7-form-control-wrap\" data-name=\"your-name\"><input size=\"40\" maxlength=\"400\" class=\"wpcf7-form-control wpcf7-text wpcf7-validates-as-required\" aria-required=\"true\" aria-invalid=\"false\" placeholder=\"Name*\" value=\"\" type=\"text\" name=\"your-name\" \/><\/span> <\/label>\n\t<\/p>\n<\/div>\n<div class=\"one-half last\">\n\t<p><label> <span class=\"wpcf7-form-control-wrap\" data-name=\"your-email\"><input size=\"40\" maxlength=\"400\" class=\"wpcf7-form-control wpcf7-email wpcf7-validates-as-required wpcf7-text wpcf7-validates-as-email\" aria-required=\"true\" aria-invalid=\"false\" placeholder=\"Email*\" value=\"\" type=\"email\" name=\"your-email\" \/><\/span> <\/label>\n\t<\/p>\n<\/div>\n<p><label> <span class=\"wpcf7-form-control-wrap\" data-name=\"your-subject\"><input size=\"40\" maxlength=\"400\" class=\"wpcf7-form-control wpcf7-text\" aria-invalid=\"false\" placeholder=\"Subject\" value=\"\" type=\"text\" name=\"your-subject\" \/><\/span> <\/label>\n<\/p>\n<p><label> <span class=\"wpcf7-form-control-wrap\" data-name=\"your-message\"><textarea cols=\"40\" rows=\"10\" maxlength=\"2000\" class=\"wpcf7-form-control wpcf7-textarea\" aria-invalid=\"false\" placeholder=\"Message\" name=\"your-message\"><\/textarea><\/span><\/label>\n<\/p>\n<p><span class=\"wpcf7-form-control-wrap\" data-name=\"acceptance-102\"><span class=\"wpcf7-form-control wpcf7-acceptance\"><span class=\"wpcf7-list-item\"><input type=\"checkbox\" name=\"acceptance-102\" value=\"1\" aria-invalid=\"false\" \/><\/span><\/span><\/span> I have read and accept the <a href=\"\/politica-de-privacidad\/\" target=\"_blank\">data protection policy<\/a>\n<\/p>\n<p><button class=\"wpcf7-form-control wpcf7-submit has-spinner et_pb_button et_pb_bg_layout_light\" type=\"submit\" value=\"Send\">Send<\/button>\n<\/p><div class=\"wpcf7-response-output\" aria-hidden=\"true\"><\/div>\n<\/form>\n<\/div>\n\n<p>[\/et_pb_text][et_pb_text _builder_version=&#8221;4.19.1&#8243; _module_preset=&#8221;default&#8221; text_font_size=&#8221;12px&#8221; text_line_height=&#8221;1.3em&#8221; custom_margin=&#8221;-11px|||||&#8221; global_colors_info=&#8221;{}&#8221;]<\/p>\n<p><small><strong>Responsible:<\/strong> <span> AUDIO GIL S.L. <\/span><\/small><small><strong>Purpose:<\/strong><span> <\/span>Respond to your comments and doubts.<\/small><small><strong>Legitimation:<\/strong><span> <\/span>Your consent.<\/small><small><strong>Recipients:<\/strong><span> <\/span>Your data will be stored in our email and hosting provider.<\/small><small><strong>Rights:<\/strong><span> <\/span>You have the right to access, rectify, limit and delete your data.<\/small><\/p>\n<p>[\/et_pb_text][\/et_pb_column][\/et_pb_row][\/et_pb_section][et_pb_section fb_built=&#8221;1&#8243; fullwidth=&#8221;on&#8221; _builder_version=&#8221;4.19.1&#8243; _module_preset=&#8221;default&#8221; global_colors_info=&#8221;{}&#8221;][et_pb_fullwidth_code _builder_version=&#8221;4.19.1&#8243; _module_preset=&#8221;default&#8221; global_colors_info=&#8221;{}&#8221;]<iframe src=\"https:\/\/www.google.com\/maps\/embed?pb=!1m18!1m12!1m3!1d3057.011452987337!2d-0.0460693490923642!3d39.98584938955457!2m3!1f0!2f0!3f0!3m2!1i1024!2i768!4f13.1!3m3!1m2!1s0xd5ffe292e24909f%3A0x8c50cfddc91fbb42!2s%C3%A1gil%20centros!5e0!3m2!1ses!2ses!4v1669385990326!5m2!1ses!2ses\" width=\"2000\" height=\"300\" style=\"border:0;\" allowfullscreen=\"\" loading=\"lazy\" referrerpolicy=\"no-referrer-when-downgrade\"><\/iframe>[\/et_pb_fullwidth_code][\/et_pb_section]<\/p>\n","protected":false},"excerpt":{"rendered":"<p><div class=\"breadcrumb\"><ul class=\"dsm_breadcrumbs\" id=\"migadepan\">\n\t<li class=\"dsm_breadcrumbs_item\">\n\t\t\t\t\t\t<a class=\"dsm_breadcrumbs_crumb dsm_breadcrumbs_crumb_link\" href=\"https:\/\/spanishinstitute.info\/en\/\" itemprop=\"url\" rel=\"nofollow\">\n\t\t\t\t\t\t\tInicio\n\t\t\t\t\t\t<\/a>\n\t\t\t\t\t<\/li><li class=\"dsm_breadcrumbs_separator\"> \n\t\t\t\t\t<span class=\"et-pb-icon dsm_separator_icon\">5<\/span>\n\t\t\t\t<\/li><li class=\"dsm_breadcrumbs_item\">Contact<\/li><\/ul><style>\n\t\t\t\t\tdiv#contenedor-breadcrumb p {\n\t\t\t\t\t\tdisplay: none;\n\t\t\t\t\t}\n\n\t\t\t\t\tul.dsm_breadcrumbs {\n\t\t\t\t\t\tpadding: 0;\n\t\t\t\t\t}\n\n\t\t\t\t\tspan.et-pb-icon.dsm_separator_icon {\n\t\t\t\t\t\tfont-size: 18px!important;\n\t\t\t\t\t\tfont-weight: 500!important;\n\t\t\t\t\t\tvertical-align: text-top;\n\t\t\t\t\t\tcolor: #FB5E52;\n\t\t\t\t\t}\n\n\t\t\t\t\tli.dsm_breadcrumbs_item {\n\t\t\t\t\t\tlist-style-type: none;\n\t\t\t\t\t\tdisplay: inline-block;\n\t\t\t\t\t\tcolor: #0c1b78;\n\t\t\t\t\t}\n\n\t\t\t\t\t#migadepan li.dsm_breadcrumbs_separator {\n\t\t\t\t\t\tlist-style-type: none;\n\t\t\t\t\t\tdisplay: inline-block!important;\n\t\t\t\t\t\tmargin: 0 3px 0 8px;\n\t\t\t\t\t}\n\t\t\t\t\t\n\t\t\t\t\t#breadcrumbtext p {\n\t\t\t\t\t\tdisplay: none;\n\t\t\t\t\t}\n\t\t\t\t<\/style><\/div>Contact usIf you have any questions or we can help you with something, contact us through the following means or using our contact form.Avda. P\u00e9rez Gald\u00f3s, 7-9 12002 Castell\u00f3n (Spain)+34 964 342 290spanish@agilcentros.es<div class=\"et_pb_module dsm_contact_form_7 dsm_contact_form_7_0\">\n\t\t\t\t\n\t\t\t\t\n\t\t\t\t\n\t\t\t\t\n\t\t\t\t\n\t\t\t\t\n\t\t\t\t<div class=\"et_pb_module_inner\">\n\t\t\t\t\t<div class=\"\">\n\t\t\t\t\n<div class=\"wpcf7 no-js\" id=\"wpcf7-f852-o2\" lang=\"en-US\" dir=\"ltr\">\n<div class=\"screen-reader-response\"><p role=\"status\" aria-live=\"polite\" aria-atomic=\"true\"><\/p> <ul><\/ul><\/div>\n<form action=\"\/en\/wp-json\/wp\/v2\/pages\/853#wpcf7-f852-o2\" method=\"post\" class=\"wpcf7-form init wpcf7-acceptance-as-validation\" aria-label=\"Contact form\" novalidate=\"novalidate\" data-status=\"init\">\n<div style=\"display: none;\">\n<input type=\"hidden\" name=\"_wpcf7\" value=\"852\" \/>\n<input type=\"hidden\" name=\"_wpcf7_version\" value=\"5.9.8\" \/>\n<input type=\"hidden\" name=\"_wpcf7_locale\" value=\"en_US\" \/>\n<input type=\"hidden\" name=\"_wpcf7_unit_tag\" value=\"wpcf7-f852-o2\" \/>\n<input type=\"hidden\" name=\"_wpcf7_container_post\" value=\"0\" \/>\n<input type=\"hidden\" name=\"_wpcf7_posted_data_hash\" value=\"\" \/>\n<input type=\"hidden\" name=\"_wpcf7_recaptcha_response\" value=\"\" \/>\n<\/div>\n<div class=\"one-half\">\n\t<p><label> <span class=\"wpcf7-form-control-wrap\" data-name=\"your-name\"><input size=\"40\" maxlength=\"400\" class=\"wpcf7-form-control wpcf7-text wpcf7-validates-as-required\" aria-required=\"true\" aria-invalid=\"false\" placeholder=\"Name*\" value=\"\" type=\"text\" name=\"your-name\" \/><\/span> <\/label>\n\t<\/p>\n<\/div>\n<div class=\"one-half last\">\n\t<p><label> <span class=\"wpcf7-form-control-wrap\" data-name=\"your-email\"><input size=\"40\" maxlength=\"400\" class=\"wpcf7-form-control wpcf7-email wpcf7-validates-as-required wpcf7-text wpcf7-validates-as-email\" aria-required=\"true\" aria-invalid=\"false\" placeholder=\"Email*\" value=\"\" type=\"email\" name=\"your-email\" \/><\/span> <\/label>\n\t<\/p>\n<\/div>\n<p><label> <span class=\"wpcf7-form-control-wrap\" data-name=\"your-subject\"><input size=\"40\" maxlength=\"400\" class=\"wpcf7-form-control wpcf7-text\" aria-invalid=\"false\" placeholder=\"Subject\" value=\"\" type=\"text\" name=\"your-subject\" \/><\/span> <\/label>\n<\/p>\n<p><label> <span class=\"wpcf7-form-control-wrap\" data-name=\"your-message\"><textarea cols=\"40\" rows=\"10\" maxlength=\"2000\" class=\"wpcf7-form-control wpcf7-textarea\" aria-invalid=\"false\" placeholder=\"Message\" name=\"your-message\"><\/textarea><\/span><\/label>\n<\/p>\n<p><span class=\"wpcf7-form-control-wrap\" data-name=\"acceptance-102\"><span class=\"wpcf7-form-control wpcf7-acceptance\"><span class=\"wpcf7-list-item\"><input type=\"checkbox\" name=\"acceptance-102\" value=\"1\" aria-invalid=\"false\" \/><\/span><\/span><\/span> I have read and accept the <a href=\"\/politica-de-privacidad\/\" target=\"_blank\">data protection policy<\/a>\n<\/p>\n<p><button class=\"wpcf7-form-control wpcf7-submit has-spinner et_pb_button et_pb_bg_layout_light\" type=\"submit\" value=\"Send\">Send<\/button>\n<\/p><div class=\"wpcf7-response-output\" aria-hidden=\"true\"><\/div>\n<\/form>\n<\/div>\n\n\t\t\t<\/div>\n\t\t\t\t<\/div>\n\t\t\t<\/div>\n<div class=\"wpcf7 no-js\" id=\"wpcf7-f852-o3\" lang=\"en-US\" dir=\"ltr\">\n<div class=\"screen-reader-response\"><p role=\"status\" aria-live=\"polite\" aria-atomic=\"true\"><\/p> <ul><\/ul><\/div>\n<form action=\"\/en\/wp-json\/wp\/v2\/pages\/853#wpcf7-f852-o3\" method=\"post\" class=\"wpcf7-form init wpcf7-acceptance-as-validation\" aria-label=\"Contact form\" novalidate=\"novalidate\" data-status=\"init\">\n<div style=\"display: none;\">\n<input type=\"hidden\" name=\"_wpcf7\" value=\"852\" \/>\n<input type=\"hidden\" name=\"_wpcf7_version\" value=\"5.9.8\" \/>\n<input type=\"hidden\" name=\"_wpcf7_locale\" value=\"en_US\" \/>\n<input type=\"hidden\" name=\"_wpcf7_unit_tag\" value=\"wpcf7-f852-o3\" \/>\n<input type=\"hidden\" name=\"_wpcf7_container_post\" value=\"0\" \/>\n<input type=\"hidden\" name=\"_wpcf7_posted_data_hash\" value=\"\" \/>\n<input type=\"hidden\" name=\"_wpcf7_recaptcha_response\" value=\"\" \/>\n<\/div>\n<div class=\"one-half\">\n\t<p><label> <span class=\"wpcf7-form-control-wrap\" data-name=\"your-name\"><input size=\"40\" maxlength=\"400\" class=\"wpcf7-form-control wpcf7-text wpcf7-validates-as-required\" aria-required=\"true\" aria-invalid=\"false\" placeholder=\"Name*\" value=\"\" type=\"text\" name=\"your-name\" \/><\/span> <\/label>\n\t<\/p>\n<\/div>\n<div class=\"one-half last\">\n\t<p><label> <span class=\"wpcf7-form-control-wrap\" data-name=\"your-email\"><input size=\"40\" maxlength=\"400\" class=\"wpcf7-form-control wpcf7-email wpcf7-validates-as-required wpcf7-text wpcf7-validates-as-email\" aria-required=\"true\" aria-invalid=\"false\" placeholder=\"Email*\" value=\"\" type=\"email\" name=\"your-email\" \/><\/span> <\/label>\n\t<\/p>\n<\/div>\n<p><label> <span class=\"wpcf7-form-control-wrap\" data-name=\"your-subject\"><input size=\"40\" maxlength=\"400\" class=\"wpcf7-form-control wpcf7-text\" aria-invalid=\"false\" placeholder=\"Subject\" value=\"\" type=\"text\" name=\"your-subject\" \/><\/span> <\/label>\n<\/p>\n<p><label> <span class=\"wpcf7-form-control-wrap\" data-name=\"your-message\"><textarea cols=\"40\" rows=\"10\" maxlength=\"2000\" class=\"wpcf7-form-control wpcf7-textarea\" aria-invalid=\"false\" placeholder=\"Message\" name=\"your-message\"><\/textarea><\/span><\/label>\n<\/p>\n<p><span class=\"wpcf7-form-control-wrap\" data-name=\"acceptance-102\"><span class=\"wpcf7-form-control wpcf7-acceptance\"><span class=\"wpcf7-list-item\"><input type=\"checkbox\" name=\"acceptance-102\" value=\"1\" aria-invalid=\"false\" \/><\/span><\/span><\/span> I have read and accept the <a href=\"\/politica-de-privacidad\/\" target=\"_blank\">data protection policy<\/a>\n<\/p>\n<p><button class=\"wpcf7-form-control wpcf7-submit has-spinner et_pb_button et_pb_bg_layout_light\" type=\"submit\" value=\"Send\">Send<\/button>\n<\/p><div class=\"wpcf7-response-output\" aria-hidden=\"true\"><\/div>\n<\/form>\n<\/div>\nResponsible: AUDIO [&hellip;]<\/p>\n","protected":false},"author":1,"featured_media":0,"parent":0,"menu_order":0,"comment_status":"closed","ping_status":"closed","template":"","meta":{"_et_pb_use_builder":"on","_et_pb_old_content":"","_et_gb_content_width":"","footnotes":""},"_links":{"self":[{"href":"https:\/\/spanishinstitute.info\/en\/wp-json\/wp\/v2\/pages\/853"}],"collection":[{"href":"https:\/\/spanishinstitute.info\/en\/wp-json\/wp\/v2\/pages"}],"about":[{"href":"https:\/\/spanishinstitute.info\/en\/wp-json\/wp\/v2\/types\/page"}],"author":[{"embeddable":true,"href":"https:\/\/spanishinstitute.info\/en\/wp-json\/wp\/v2\/users\/1"}],"replies":[{"embeddable":true,"href":"https:\/\/spanishinstitute.info\/en\/wp-json\/wp\/v2\/comments?post=853"}],"version-history":[{"count":15,"href":"https:\/\/spanishinstitute.info\/en\/wp-json\/wp\/v2\/pages\/853\/revisions"}],"predecessor-version":[{"id":1055,"href":"https:\/\/spanishinstitute.info\/en\/wp-json\/wp\/v2\/pages\/853\/revisions\/1055"}],"wp:attachment":[{"href":"https:\/\/spanishinstitute.info\/en\/wp-json\/wp\/v2\/media?parent=853"}],"curies":[{"name":"wp","href":"https:\/\/api.w.org\/{rel}","templated":true}]}}